{"id":1266,"date":"2024-01-25T20:49:37","date_gmt":"2024-01-25T19:49:37","guid":{"rendered":"https:\/\/tilo-team.eu\/ochrana-sukromia\/"},"modified":"2024-10-24T11:03:16","modified_gmt":"2024-10-24T09:03:16","slug":"ochrana-sukromia","status":"publish","type":"page","link":"https:\/\/tilo-team.eu\/de\/ochrana-sukromia\/","title":{"rendered":"Z\u00e1sady ochrany osobn\u00fdch \u00fadajov"},"content":{"rendered":"[vc_row type=&#8220;in_container&#8220; full_screen_row_position=&#8220;middle&#8220; column_margin=&#8220;default&#8220; column_direction=&#8220;default&#8220; column_direction_tablet=&#8220;default&#8220; column_direction_phone=&#8220;default&#8220; scene_position=&#8220;center&#8220; text_color=&#8220;dark&#8220; text_align=&#8220;left&#8220; row_border_radius=&#8220;none&#8220; row_border_radius_applies=&#8220;bg&#8220; overflow=&#8220;visible&#8220; overlay_strength=&#8220;0.3&#8243; gradient_direction=&#8220;left_to_right&#8220; shape_divider_position=&#8220;bottom&#8220; bg_image_animation=&#8220;none&#8220;][vc_column column_padding=&#8220;no-extra-padding&#8220; column_padding_tablet=&#8220;inherit&#8220; column_padding_phone=&#8220;inherit&#8220; column_padding_position=&#8220;all&#8220; column_element_direction_desktop=&#8220;default&#8220; column_element_spacing=&#8220;default&#8220; desktop_text_alignment=&#8220;default&#8220; tablet_text_alignment=&#8220;default&#8220; phone_text_alignment=&#8220;default&#8220; background_color_opacity=&#8220;1&#8243; background_hover_color_opacity=&#8220;1&#8243; column_backdrop_filter=&#8220;none&#8220; column_shadow=&#8220;none&#8220; column_border_radius=&#8220;none&#8220; column_link_target=&#8220;_self&#8220; column_position=&#8220;default&#8220; gradient_direction=&#8220;left_to_right&#8220; overlay_strength=&#8220;0.3&#8243; width=&#8220;1\/1&#8243; tablet_width_inherit=&#8220;default&#8220; animation_type=&#8220;default&#8220; bg_image_animation=&#8220;none&#8220; border_type=&#8220;simple&#8220; column_border_width=&#8220;none&#8220; column_border_style=&#8220;solid&#8220;][vc_column_text css=&#8220;&#8220; text_direction=&#8220;default&#8220;]\r\n<h2 class=\"wp-block-heading\"><strong>Datenschutzerkl\u00e4rung<\/strong><\/h2>\r\n<p>TILO s.r.o., mit Sitz in Slovensk\u00e1 17, 052 01 Spi\u0161sk\u00e1 Nov\u00e1 Ves, I\u010cO: 50104551, betreibt die Webseite <a href=\"https:\/\/tilo-team.eu\" target=\"_new\" rel=\"noopener\">https:\/\/tilo-team.eu<\/a> und achtet auf den Schutz personenbezogener Daten gem\u00e4\u00df den geltenden gesetzlichen Bestimmungen, insbesondere der Verordnung des Europ\u00e4ischen Parlaments und des Rates (EU) 2016\/679 (DSGVO). In dieser Erkl\u00e4rung erfahren Sie, welche Daten wir erheben, wie wir sie verwenden und welche Rechte Sie in Bezug auf den Datenschutz haben.<\/p>\r\n<h3>1. <strong>Verantwortlicher<\/strong><\/h3>\r\n<p>Der Verantwortliche f\u00fcr die Verarbeitung personenbezogener Daten ist: <strong>TILO s.r.o.<\/strong><br \/>Adresse: Slovensk\u00e1 17, 052 01 Spi\u0161sk\u00e1 Nov\u00e1 Ves<br \/>I\u010cO: 50104551<br \/>DI\u010c: 2120173968<br \/>I\u010c DPH: SK2120173968<br \/>E-Mail: <a rel=\"noopener\">info@tilo-team.eu<\/a><br \/>Telefon: +421 903 764 706, +421 915 611 830<\/p>\r\n<h3>2. <strong>Welche Daten erheben wir?<\/strong><\/h3>\r\n<p>Wir erheben nur die notwendigen Daten, die f\u00fcr die Erbringung unserer Dienstleistungen erforderlich sind. Dazu geh\u00f6ren:<\/p>\r\n<ul>\r\n<li><strong>Kontaktdaten<\/strong>: Name, Vorname, E-Mail-Adresse, Telefonnummer.<\/li>\r\n<li><strong>Nutzungsdaten der Webseite<\/strong>: IP-Adresse, Cookies, Daten zur Nutzung unserer Webseite (Besuche, Interaktionen mit Inhalten).<\/li>\r\n<li><strong>Freiwillig \u00fcbermittelte Daten<\/strong>: Informationen, die Sie uns \u00fcber das Kontaktformular oder per E-Mail zukommen lassen.<\/li>\r\n<\/ul>\r\n<h3>3. <strong>Wie verwenden wir die Daten?<\/strong><\/h3>\r\n<p>Ihre personenbezogenen Daten verwenden wir zu folgenden Zwecken:<\/p>\r\n<ul>\r\n<li><strong>Erbringung von Dienstleistungen<\/strong>: Um Ihre Anfragen zu beantworten und unsere Dienstleistungen zu erbringen.<\/li>\r\n<li><strong>Kommunikation<\/strong>: Um Sie per E-Mail oder Telefon auf Grundlage Ihrer Anfragen oder Bestellungen zu kontaktieren.<\/li>\r\n<li><strong>Verbesserung unserer Dienstleistungen und Webseite<\/strong>: Um Nutzungsdaten zu analysieren und unsere Webseite zu optimieren.<\/li>\r\n<\/ul>\r\n<h3>4. <strong>Cookies<\/strong><\/h3>\r\n<p>Auf unserer Webseite verwenden wir Cookies, um deren Funktionalit\u00e4t zu verbessern und die Besucherzahlen zu analysieren. Sie k\u00f6nnen Ihre Einwilligung zur Verarbeitung von Cookies jederzeit \u00fcber die Browsereinstellungen widerrufen.<\/p>\r\n<h3>5. <strong>Rechtsgrundlage der Datenverarbeitung<\/strong><\/h3>\r\n<p>Wir verarbeiten personenbezogene Daten auf der Grundlage von:<\/p>\r\n<ul>\r\n<li><strong>Vertragserf\u00fcllung<\/strong>: Wenn Sie uns Daten zur Verf\u00fcgung stellen, die f\u00fcr den Abschluss oder die Erf\u00fcllung eines Vertrages erforderlich sind (z.B. f\u00fcr die Erbringung unserer Dienstleistungen).<\/li>\r\n<li><strong>Einwilligung<\/strong>: F\u00fcr Marketingzwecke oder die Verarbeitung von Cookies.<\/li>\r\n<li><strong>Berechtigtes Interesse<\/strong>: Zum Schutz unserer rechtlichen Anspr\u00fcche und zur Verbesserung unserer Dienstleistungen.<\/li>\r\n<\/ul>\r\n<h3>6. <strong>Rechte der betroffenen Personen<\/strong><\/h3>\r\n<p>Sie haben das Recht:<\/p>\r\n<ul>\r\n<li>Auf Auskunft \u00fcber Ihre personenbezogenen Daten.<\/li>\r\n<li>Auf Berichtigung unrichtiger oder unvollst\u00e4ndiger Daten.<\/li>\r\n<li>Auf L\u00f6schung der Daten, wenn sie f\u00fcr die Zwecke, f\u00fcr die sie erhoben wurden, nicht mehr erforderlich sind.<\/li>\r\n<li>Auf Einschr\u00e4nkung der Verarbeitung der Daten.<\/li>\r\n<li>Auf Daten\u00fcbertragbarkeit.<\/li>\r\n<li>Eine Beschwerde bei der slowakischen Datenschutzbeh\u00f6rde einzureichen, wenn Sie der Ansicht sind, dass wir Ihre Daten rechtswidrig verarbeiten.<\/li>\r\n<\/ul>\r\n<h3>7. <strong>Speicherdauer der Daten<\/strong><\/h3>\r\n<p>Wir speichern Ihre Daten nur so lange, wie es f\u00fcr die Erf\u00fcllung der Zwecke erforderlich ist, f\u00fcr die sie erhoben wurden, oder so lange, wie es die gesetzlichen Vorschriften vorsehen.<\/p>\r\n<h3>8. <strong>Weitergabe von Daten an Dritte<\/strong><\/h3>\r\n<p>Ihre personenbezogenen Daten werden nicht an Dritte weitergegeben, es sei denn, dies ist zur Erf\u00fcllung gesetzlicher Pflichten oder zur Erbringung von Dienstleistungen (z.B. externe IT-Dienstleister) erforderlich. In solchen F\u00e4llen sorgen wir durch vertragliche Verpflichtungen f\u00fcr den Schutz der Daten.<\/p>\r\n<h3>9. <strong>Datensicherheit<\/strong><\/h3>\r\n<p>Wir sch\u00fctzen Ihre personenbezogenen Daten vor unbefugtem Zugriff, Verlust oder Zerst\u00f6rung. Wir verwenden technische und organisatorische Ma\u00dfnahmen, um die Datensicherheit zu gew\u00e4hrleisten.<\/p>\r\n<h3>10. <strong>\u00c4nderungen der Datenschutzerkl\u00e4rung<\/strong><\/h3>\r\n<p>Diese Datenschutzerkl\u00e4rung kann von Zeit zu Zeit aktualisiert werden. Im Falle von \u00c4nderungen werden wir Sie \u00fcber unsere Webseite informieren.<\/p>\r\n<p>Bei Fragen oder Anfragen bez\u00fcglich des Datenschutzes k\u00f6nnen Sie uns kontaktieren:<br \/>E-Mail: <a rel=\"noopener\">info@tilo-team.eu<\/a><br \/>Telefon: +421 903 764 706, +421 915 611 830<\/p>\r\n[\/vc_column_text][\/vc_column][\/vc_row]","protected":false},"excerpt":{"rendered":"<p>[vc_row type=&#8220;in_container&#8220; full_screen_row_position=&#8220;middle&#8220; column_margin=&#8220;default&#8220; column_direction=&#8220;default&#8220; column_direction_tablet=&#8220;default&#8220; column_direction_phone=&#8220;default&#8220; scene_position=&#8220;center&#8220; text_color=&#8220;dark&#8220; text_align=&#8220;left&#8220; row_border_radius=&#8220;none&#8220; row_border_radius_applies=&#8220;bg&#8220; overflow=&#8220;visible&#8220; overlay_strength=&#8220;0.3&#8243; gradient_direction=&#8220;left_to_right&#8220; shape_divider_position=&#8220;bottom&#8220; bg_image_animation=&#8220;none&#8220;][vc_column column_padding=&#8220;no-extra-padding&#8220; column_padding_tablet=&#8220;inherit&#8220; column_padding_phone=&#8220;inherit&#8220; column_padding_position=&#8220;all&#8220; column_element_direction_desktop=&#8220;default&#8220; column_element_spacing=&#8220;default&#8220; desktop_text_alignment=&#8220;default&#8220; tablet_text_alignment=&#8220;default&#8220; phone_text_alignment=&#8220;default&#8220; background_color_opacity=&#8220;1&#8243; background_hover_color_opacity=&#8220;1&#8243; column_backdrop_filter=&#8220;none&#8220; column_shadow=&#8220;none&#8220;&#8230;<\/p>\n","protected":false},"author":1,"featured_media":0,"parent":0,"menu_order":0,"comment_status":"closed","ping_status":"open","template":"","meta":{"inline_featured_image":false,"footnotes":""},"class_list":["post-1266","page","type-page","status-publish"],"_links":{"self":[{"href":"https:\/\/tilo-team.eu\/de\/wp-json\/wp\/v2\/pages\/1266","targetHints":{"allow":["GET"]}}],"collection":[{"href":"https:\/\/tilo-team.eu\/de\/wp-json\/wp\/v2\/pages"}],"about":[{"href":"https:\/\/tilo-team.eu\/de\/wp-json\/wp\/v2\/types\/page"}],"author":[{"embeddable":true,"href":"https:\/\/tilo-team.eu\/de\/wp-json\/wp\/v2\/users\/1"}],"replies":[{"embeddable":true,"href":"https:\/\/tilo-team.eu\/de\/wp-json\/wp\/v2\/comments?post=1266"}],"version-history":[{"count":1,"href":"https:\/\/tilo-team.eu\/de\/wp-json\/wp\/v2\/pages\/1266\/revisions"}],"predecessor-version":[{"id":1267,"href":"https:\/\/tilo-team.eu\/de\/wp-json\/wp\/v2\/pages\/1266\/revisions\/1267"}],"wp:attachment":[{"href":"https:\/\/tilo-team.eu\/de\/wp-json\/wp\/v2\/media?parent=1266"}],"curies":[{"name":"wp","href":"https:\/\/api.w.org\/{rel}","templated":true}]}}